{"id":1692,"date":"2017-11-08T09:19:24","date_gmt":"2017-11-08T08:19:24","guid":{"rendered":"https:\/\/biografiasociedad.com\/capolitica-espolitica-de-cookies\/"},"modified":"2017-11-08T09:19:24","modified_gmt":"2017-11-08T08:19:24","slug":"capolitica-espolitica-de-cookies","status":"publish","type":"page","link":"https:\/\/biografiasociedad.com\/ca\/capolitica-espolitica-de-cookies\/","title":{"rendered":"[:ca]Pol\u00edtica [:es]Pol\u00edtica de cookies[:]"},"content":{"rendered":"<p>[:ca]Cookie \u00e9s un fitxer que es descarrega en el seu ordinador en accedir a determinades p\u00e0gines web. Les cookies permeten a una p\u00e0gina web, entre altres coses, emmagatzemar i recuperar informaci\u00f3 sobre els h\u00e0bits de navegaci\u00f3 d&#8217;un usuari o del seu equip i, depenent de la informaci\u00f3 que continguin i de la forma en qu\u00e8 utilitzi el seu equip, poden utilitzar-se per a recon\u00e8ixer a l&#8217;usuari.. El navegador de l&#8217;usuari memoritza cookies en el disc dur solament durant la sessi\u00f3 actual ocupant un espai de mem\u00f2ria m\u00ednim i no perjudicant l&#8217;ordinador. Les cookies no contenen cap classe d&#8217;informaci\u00f3 personal espec\u00edfica, i la majoria de les mateixes s&#8217;esborren del disc dur en finalitzar la sessi\u00f3 de navegador (les denominades cookies de sessi\u00f3).<\/p>\n<p>La majoria dels navegadors accepten com a est\u00e0ndard a les cookies i, amb independ\u00e8ncia d&#8217;aquestes, permeten o impedeixen en els ajustos de seguretat les cookies temporals o memoritzades.<\/p>\n<p>Sense el seu expr\u00e9s consentiment \u2013mitjan\u00e7ant l&#8217;activaci\u00f3 de les cookies en el seu navegador \u2013 Personal &amp; Transferible no enlla\u00e7ar\u00e0 en les cookies les dades memoritzades amb les seves dades personals proporcionades en el moment del registre o la compra..<\/p>\n<p><strong>Quins tipus de cookies utilitza aquesta p\u00e0gina web?<\/strong><\/p>\n<p><strong>Cookies t\u00e8cniques:<\/strong> S\u00f3n aquelles que permeten a l&#8217;usuari la navegaci\u00f3 a trav\u00e9s d&#8217;una p\u00e0gina web, plataforma o aplicaci\u00f3 i la utilitzaci\u00f3 de les diferents opcions o serveis que en ella existeixin com, per exemple, controlar el tr\u00e0nsit i la comunicaci\u00f3 de dades, identificar la sessi\u00f3, accedir a parts d&#8217;acc\u00e9s restringit, recordar els elements que integren una comanda, realitzar el proc\u00e9s de compra d&#8217;una comanda, realitzar la sol\u00b7licitud d&#8217;inscripci\u00f3 o participaci\u00f3 en un esdeveniment, utilitzar elements de seguretat durant la navegaci\u00f3, emmagatzemar continguts per a la difusi\u00f3 de v\u00eddeos o so o compartir continguts a trav\u00e9s de xarxes socials.<\/p>\n<p><strong>Cookies de personalitzaci\u00f3:<\/strong> S\u00f3n aquelles que permeten a l&#8217;usuari accedir al servei amb algunes caracter\u00edstiques de car\u00e0cter general predefinides en funci\u00f3 d&#8217;una s\u00e8rie de criteris en el terminal de l&#8217;usuari com per exemple serien l&#8217;idioma, el tipus de navegador a trav\u00e9s del qual accedeix al servei, la configuraci\u00f3 regional des d&#8217;on accedeix al servei, etc.<\/p>\n<p><strong>Cookies d&#8217;an\u00e0lisis:<\/strong> S\u00f3n aquelles que ben tractades per nosaltres o per tercers, ens permeten quantificar el nombre d&#8217;usuaris i aix\u00ed realitzar el mesurament i an\u00e0lisi estad\u00edstica de la utilitzaci\u00f3 que fan els usuaris del servei ofert. Per a aix\u00f2 s&#8217;analitza la seva navegaci\u00f3 en la nostra p\u00e0gina web amb la finalitat de millorar l&#8217;oferta de productes o serveis que li oferim.<\/p>\n<p><strong>Cookies publicit\u00e0ries:<\/strong> S\u00f3n aquelles que, ben tractades per nosaltres o per tercers, ens permeten gestionar de la forma m\u00e9s efica\u00e7 possible l&#8217;oferta dels espais publicitaris que hi ha en la p\u00e0gina web, adequant el contingut de l&#8217;anunci al contingut del servei sol\u00b7licitat o a l&#8217;\u00fas que realitzi de la nostra p\u00e0gina web. Per a aix\u00f2 podem analitzar els seus h\u00e0bits de navegaci\u00f3 en Internet i podem mostrar-li publicitat relacionada amb el seu perfil de navegaci\u00f3.<\/p>\n<p><strong>Cookies de publicitat comportamental:<\/strong> S\u00f3n aquelles que permeten la gesti\u00f3, de la forma m\u00e9s efica\u00e7 possible, dels espais publicitaris que, si \u00e9s el cas, l&#8217;editor hagi incl\u00f2s en una p\u00e0gina web, aplicaci\u00f3 o plataforma des de la qual presta el servei sol\u00b7licitat. Aquestes cookies emmagatzemen informaci\u00f3 del comportament dels usuaris obtinguda a trav\u00e9s de l&#8217;observaci\u00f3 continuada dels seus h\u00e0bits de navegaci\u00f3, la qual cosa permet desenvolupar un perfil espec\u00edfic per a mostrar publicitat en funci\u00f3 d&#8217;aquest.<\/p>\n<p><strong>Cookies de tercers <\/strong>: La Web de Personal &amp; Transferible pot utilitzar serveis de tercers que, per compte de Personal &amp; Transferible, recopilessin informaci\u00f3 amb finalitats estad\u00edstics, d&#8217;\u00fas del Site per part de l&#8217;usuari i per a la prestaci\u00f3 d&#8217;altres serveis relacionats amb l&#8217;activitat del Website i altres serveis d&#8217;Internet.<\/p>\n<p>En particular, aquest lloc web utilitza Google Analytics, un servei anal\u00edtic de web prestat per Google, Inc. amb domicili als Estats Units amb seu central en 1600 Amphitheatre Parkway, Mountain View, Calif\u00f2rnia 94043. Per a la prestaci\u00f3 d&#8217;aquests serveis, aquests utilitzen cookies que recopilen la informaci\u00f3, inclosa l&#8217;adre\u00e7a IP de l&#8217;usuari, que ser\u00e0 transmesa, tractada i emmagatzemada per Google en els termes fixats en la Web Google.com. Incloent la possible transmissi\u00f3 d&#8217;aquesta informaci\u00f3 a tercers per raons d&#8217;exig\u00e8ncia legal o quan dits tercers processin la informaci\u00f3 per compte de Google.<\/p>\n<p><strong>L&#8217;Usuari accepta expressament, per la utilitzaci\u00f3 d&#8217;aquest Site, el tractament de la informaci\u00f3 recaptada en la forma i amb els fins anteriorment esmentats.<\/strong> I aix\u00ed mateix reconeix con\u00e8ixer la possibilitat de rebutjar el tractament de tals dades o informaci\u00f3 rebutjant l&#8217;\u00fas de Cookies mitjan\u00e7ant la selecci\u00f3 de la configuraci\u00f3 apropiada a tal fi en el seu navegador. Si b\u00e9 aquesta opci\u00f3 de bloqueig de Cookies en el seu navegador pot no permetre-li l&#8217;\u00fas ple de totes les funcionalitats del Website.<\/p>\n<p>Pot vost\u00e8 permetre, bloquejar o eliminar les cookies instal\u00b7lades en el seu equip mitjan\u00e7ant la configuraci\u00f3 de les opcions del navegador instal\u00b7lat en el seu ordinador:<\/p>\n<ul>\n<li><a href=\"http:\/\/support.google.com\/chrome\/bin\/answer.py?hl=es&amp;answer=95647\" target=\"_blank\" rel=\"noopener\">Chrome<\/a><\/li>\n<li><a href=\"http:\/\/windows.microsoft.com\/es-es\/windows7\/how-to-manage-cookies-in-internet-explorer-9\" target=\"_blank\" rel=\"noopener\">Explorer<\/a><\/li>\n<li><a href=\"http:\/\/support.mozilla.org\/es\/kb\/habilitar-y-deshabilitar-cookies-que-los-sitios-we\" target=\"_blank\" rel=\"noopener\">Firefox<\/a><\/li>\n<li><a href=\"http:\/\/support.apple.com\/kb\/ph5042\" target=\"_blank\" rel=\"noopener\">Safari<\/a><\/li>\n<\/ul>\n<p>Si t\u00e9 dubtes sobre aquesta pol\u00edtica de cookies, pot contactar amb Personal &amp; Transferible en info@biografiasociedad.com[:]<\/p>\n","protected":false},"excerpt":{"rendered":"<p>[:ca]Cookie \u00e9s un fitxer que es descarrega en el seu ordinador en accedir a determinades p\u00e0gines web. Les cookies permeten a una p\u00e0gina web, entre altres coses, emmagatzemar i recuperar&#8230;<\/p>\n","protected":false},"author":1,"featured_media":0,"parent":0,"menu_order":0,"comment_status":"closed","ping_status":"closed","template":"fullwidth.php","meta":{"footnotes":""},"aioseo_notices":[],"_links":{"self":[{"href":"https:\/\/biografiasociedad.com\/ca\/wp-json\/wp\/v2\/pages\/1692"}],"collection":[{"href":"https:\/\/biografiasociedad.com\/ca\/wp-json\/wp\/v2\/pages"}],"about":[{"href":"https:\/\/biografiasociedad.com\/ca\/wp-json\/wp\/v2\/types\/page"}],"author":[{"embeddable":true,"href":"https:\/\/biografiasociedad.com\/ca\/wp-json\/wp\/v2\/users\/1"}],"replies":[{"embeddable":true,"href":"https:\/\/biografiasociedad.com\/ca\/wp-json\/wp\/v2\/comments?post=1692"}],"version-history":[{"count":0,"href":"https:\/\/biografiasociedad.com\/ca\/wp-json\/wp\/v2\/pages\/1692\/revisions"}],"wp:attachment":[{"href":"https:\/\/biografiasociedad.com\/ca\/wp-json\/wp\/v2\/media?parent=1692"}],"curies":[{"name":"wp","href":"https:\/\/api.w.org\/{rel}","templated":true}]}}