{"id":1695,"date":"2017-11-21T09:38:20","date_gmt":"2017-11-21T08:38:20","guid":{"rendered":"https:\/\/biografiasociedad.com\/publicacions\/"},"modified":"2023-11-30T17:53:26","modified_gmt":"2023-11-30T16:53:26","slug":"publicacions","status":"publish","type":"page","link":"https:\/\/biografiasociedad.com\/ca\/publicacions\/","title":{"rendered":"Publicacions"},"content":{"rendered":"\t\t<div data-elementor-type=\"wp-page\" data-elementor-id=\"1695\" class=\"elementor elementor-1695 elementor-364\">\n\t\t\t\t\t\t\t<div class=\"elementor-element elementor-element-e711dc3 e-flex e-con-boxed e-con e-parent\" data-id=\"e711dc3\" data-element_type=\"container\" data-settings=\"{&quot;container_type&quot;:&quot;flex&quot;,&quot;content_width&quot;:&quot;boxed&quot;}\" data-core-v316-plus=\"true\">\n\t\t\t\t\t<div class=\"e-con-inner\">\n\t\t<div class=\"elementor-element elementor-element-a019a6f e-con-full e-flex e-con e-child\" data-id=\"a019a6f\" data-element_type=\"container\" data-settings=\"{&quot;content_width&quot;:&quot;full&quot;,&quot;container_type&quot;:&quot;flex&quot;}\">\n\t\t\t\t<div class=\"elementor-element elementor-element-aad6106 elementor-widget elementor-widget-heading\" data-id=\"aad6106\" data-element_type=\"widget\" data-widget_type=\"heading.default\">\n\t\t\t\t<div class=\"elementor-widget-container\">\n\t\t\t<style>\/*! elementor - v3.18.0 - 08-12-2023 *\/\n.elementor-heading-title{padding:0;margin:0;line-height:1}.elementor-widget-heading .elementor-heading-title[class*=elementor-size-]>a{color:inherit;font-size:inherit;line-height:inherit}.elementor-widget-heading .elementor-heading-title.elementor-size-small{font-size:15px}.elementor-widget-heading .elementor-heading-title.elementor-size-medium{font-size:19px}.elementor-widget-heading .elementor-heading-title.elementor-size-large{font-size:29px}.elementor-widget-heading .elementor-heading-title.elementor-size-xl{font-size:39px}.elementor-widget-heading .elementor-heading-title.elementor-size-xxl{font-size:59px}<\/style><h3 class=\"elementor-heading-title elementor-size-default\"><b>Saber biogr\u00e0fic-conversacional <\/h3>\t\t<\/div>\n\t\t\t\t<\/div>\n\t\t\t\t<div class=\"elementor-element elementor-element-c259ab9 elementor-widget elementor-widget-text-editor\" data-id=\"c259ab9\" data-element_type=\"widget\" data-widget_type=\"text-editor.default\">\n\t\t\t\t<div class=\"elementor-widget-container\">\n\t\t\t<style>\/*! elementor - v3.18.0 - 08-12-2023 *\/\n.elementor-widget-text-editor.elementor-drop-cap-view-stacked .elementor-drop-cap{background-color:#69727d;color:#fff}.elementor-widget-text-editor.elementor-drop-cap-view-framed .elementor-drop-cap{color:#69727d;border:3px solid;background-color:transparent}.elementor-widget-text-editor:not(.elementor-drop-cap-view-default) .elementor-drop-cap{margin-top:8px}.elementor-widget-text-editor:not(.elementor-drop-cap-view-default) .elementor-drop-cap-letter{width:1em;height:1em}.elementor-widget-text-editor .elementor-drop-cap{float:left;text-align:center;line-height:1;font-size:50px}.elementor-widget-text-editor .elementor-drop-cap-letter{display:inline-block}<\/style>\t\t\t\t<p>L\u00f3pez, J,A., Sangr\u00e0, T. y Iannitelli, S. (2023) Revisi\u00f3n fenomenol\u00f3gica del concepto de empat\u00eda para el Trabajo Social, EHQUIDAD, <em>Revista Internacional De Pol\u00edticas De Bienestar y Trabajo Social<\/em>, 19, 145-166.\u00a0<br \/><a href=\"https:\/\/doi.org\/10.15257\/ehquidad.2023.0006\" target=\"_blank\" rel=\"noopener\">Llegir<\/a><\/p><p>Tejero, E. Iannitelli, S. i Torrabadella, L. (2016) El saber biogr\u00e1fico conversacional: una propuesta de conocimiento y acci\u00f3n sociopol\u00edtica para el siglo XXI, <em>Documentaci\u00f3n Social<\/em>, 182, 209-228.<br \/><a href=\"https:\/\/www.caritas.es\/main-files\/uploads\/2018\/01\/Documentacioi%CC%80n-Social-182.pdf\" target=\"_blank\" rel=\"noopener\">Llegir<\/a><\/p><p>Torrabadella, L. (2000) El m\u00e8tode biogr\u00e0fic interpretatiu. Una eina per a la imaginaci\u00f3 sociol\u00f2gica, <em>Revista de la Asociaci\u00f3n Catalana de Sociolog\u00eda<\/em>, 11, 133-152.<br \/><a href=\"https:\/\/raco.cat\/index.php\/RevistaSociologia\/article\/view\/14856\/303103\" target=\"_blank\" rel=\"noopener\">Llegir<\/a><\/p>\t\t\t\t\t\t<\/div>\n\t\t\t\t<\/div>\n\t\t\t\t<\/div>\n\t\t\t\t\t<\/div>\n\t\t\t\t<\/div>\n\t\t<div class=\"elementor-element elementor-element-201858b e-flex e-con-boxed e-con e-parent\" data-id=\"201858b\" data-element_type=\"container\" data-settings=\"{&quot;container_type&quot;:&quot;flex&quot;,&quot;content_width&quot;:&quot;boxed&quot;}\" data-core-v316-plus=\"true\">\n\t\t\t\t\t<div class=\"e-con-inner\">\n\t\t<div class=\"elementor-element elementor-element-af6af9a e-con-full e-flex e-con e-child\" data-id=\"af6af9a\" data-element_type=\"container\" data-settings=\"{&quot;content_width&quot;:&quot;full&quot;,&quot;container_type&quot;:&quot;flex&quot;}\">\n\t\t\t\t<div class=\"elementor-element elementor-element-56b06db elementor-widget elementor-widget-heading\" data-id=\"56b06db\" data-element_type=\"widget\" data-widget_type=\"heading.default\">\n\t\t\t\t<div class=\"elementor-widget-container\">\n\t\t\t<h3 class=\"elementor-heading-title elementor-size-default\"><b>Educaci\u00f3<\/h3>\t\t<\/div>\n\t\t\t\t<\/div>\n\t\t\t\t<div class=\"elementor-element elementor-element-b7eef69 elementor-widget elementor-widget-text-editor\" data-id=\"b7eef69\" data-element_type=\"widget\" data-widget_type=\"text-editor.default\">\n\t\t\t\t<div class=\"elementor-widget-container\">\n\t\t\t\t\t\t\t<p>Torrabadella, L.; Iannitelli, S.; Tejero, E. (2023) Biografies de l\u2019abandonament escolar: quan el vincle falla. Barcelona, Fundaci\u00f3n Jaume Bofill i Bonalletra Alcomp\u00e0s.\u00a0<br \/><a href=\"https:\/\/www.zeroabandonament.cat\/wp-content\/uploads\/2023\/07\/3ag-bios-za-juliol.pdf\" target=\"_blank\" rel=\"noopener\">Llegir<\/a><\/p><p>Sangr\u00e0, T.; L\u00f3pez, T.; Iannitelli, S. (2018) L\u00b4espai d&#8217;aprenentatge des de la perspectiva narrativa. <em>Revista del Congreso Internacional de Docencia Universitaria e Innovaci\u00f3n (CIDUI)<\/em>.<br \/><a href=\"https:\/\/raco.cat\/index.php\/RevistaCIDUI\/article\/view\/348905\/440111\" target=\"_blank\" rel=\"noopener\">Llegir<\/a><\/p><p>Sangr\u00e0, T; Iannitelli, S; L\u00f3pez, T; Tejero, E; Alemany, R. (2016) La reconstrucci\u00f3n hist\u00f3rica y autobiogr\u00e1fica (del sujeto estudiante) en el aprendizaje del pensamiento complejo: un proyecto de innovaci\u00f3n docente en el grado de trabajo social. Barcelona.<br \/><a href=\"https:\/\/publicaciones.unirioja.es\/catalogo\/online\/CIFETS_2016\/Monografia\/pdf\/TC351.pdf\" target=\"_blank\" rel=\"noopener\">Llegir<\/a><\/p>\t\t\t\t\t\t<\/div>\n\t\t\t\t<\/div>\n\t\t\t\t<\/div>\n\t\t\t\t\t<\/div>\n\t\t\t\t<\/div>\n\t\t<div class=\"elementor-element elementor-element-d517246 e-flex e-con-boxed e-con e-parent\" data-id=\"d517246\" data-element_type=\"container\" data-settings=\"{&quot;container_type&quot;:&quot;flex&quot;,&quot;content_width&quot;:&quot;boxed&quot;}\" data-core-v316-plus=\"true\">\n\t\t\t\t\t<div class=\"e-con-inner\">\n\t\t<div class=\"elementor-element elementor-element-2fc3475 e-con-full e-flex e-con e-child\" data-id=\"2fc3475\" data-element_type=\"container\" data-settings=\"{&quot;content_width&quot;:&quot;full&quot;,&quot;container_type&quot;:&quot;flex&quot;}\">\n\t\t\t\t<div class=\"elementor-element elementor-element-deac224 elementor-widget elementor-widget-heading\" data-id=\"deac224\" data-element_type=\"widget\" data-widget_type=\"heading.default\">\n\t\t\t\t<div class=\"elementor-widget-container\">\n\t\t\t<h3 class=\"elementor-heading-title elementor-size-default\"><b>Inclusi\u00f3 social <\/h3>\t\t<\/div>\n\t\t\t\t<\/div>\n\t\t\t\t<div class=\"elementor-element elementor-element-ce43e87 elementor-widget elementor-widget-text-editor\" data-id=\"ce43e87\" data-element_type=\"widget\" data-widget_type=\"text-editor.default\">\n\t\t\t\t<div class=\"elementor-widget-container\">\n\t\t\t\t\t\t\t<p>Iannitelli, S., Tejero, E. i Torrabadella, L. (2014) La exclusi\u00f3n nombrada y la exclusi\u00f3n vivida. En E. Pastor Seller <em>et al<\/em>. (Coords.) <em>El trabajo social ante el reto de la crisis y la educaci\u00f3n superior <\/em>(pp.437-444) Congreso Internacional de Facultades y Escuelas de Trabajo Social, Murcia.<\/p>\n<p>Tejero, E., Torrabadella, L. (2010) Vidas al descubierto. Historias de vida de las personas \u2018sin techo\u2019. Barcelona: Icaria.<\/p>\n<p>Torrabadella, L.; Tejero, E.; Lemkow, L (2000) Mujeres y lucha cotidiana por el bienestar, Barcelona: Icaria.<\/p>\n\t\t\t\t\t\t<\/div>\n\t\t\t\t<\/div>\n\t\t\t\t<\/div>\n\t\t\t\t\t<\/div>\n\t\t\t\t<\/div>\n\t\t<div class=\"elementor-element elementor-element-add63ad e-flex e-con-boxed e-con e-parent\" data-id=\"add63ad\" data-element_type=\"container\" data-settings=\"{&quot;container_type&quot;:&quot;flex&quot;,&quot;content_width&quot;:&quot;boxed&quot;}\" data-core-v316-plus=\"true\">\n\t\t\t\t\t<div class=\"e-con-inner\">\n\t\t<div class=\"elementor-element elementor-element-149d552 e-con-full e-flex e-con e-child\" data-id=\"149d552\" data-element_type=\"container\" data-settings=\"{&quot;content_width&quot;:&quot;full&quot;,&quot;container_type&quot;:&quot;flex&quot;}\">\n\t\t\t\t<div class=\"elementor-element elementor-element-336f608 elementor-widget elementor-widget-heading\" data-id=\"336f608\" data-element_type=\"widget\" data-widget_type=\"heading.default\">\n\t\t\t\t<div class=\"elementor-widget-container\">\n\t\t\t<h3 class=\"elementor-heading-title elementor-size-default\"><b>Moviments socials i urbanisme<\/h3>\t\t<\/div>\n\t\t\t\t<\/div>\n\t\t\t\t<div class=\"elementor-element elementor-element-1c8e8e7 elementor-widget elementor-widget-text-editor\" data-id=\"1c8e8e7\" data-element_type=\"widget\" data-widget_type=\"text-editor.default\">\n\t\t\t\t<div class=\"elementor-widget-container\">\n\t\t\t\t\t\t\t<p>Torrabadella, L. i Nadal, M. (2004) Mem\u00f2ria i continu\u00eftat de la milit\u00e0ncia feminista. En M. Rovira i F. V\u00e1zquez (Coords.) <em>Pol\u00edtiques de la mem\u00f2ria. La transici\u00f3 a Catalunya<\/em>, (pp.175-193), Barcelona: P\u00f2rtic.\u00a0<\/p><p>Costa, J. i Tejero, E. (1999) Urbanismo y trabajo social: \u00bfdos disciplinas y un destino? <em>Revista Servicios Sociales y Pol\u00edtica Social<\/em>, 47, 47-63.<br \/><a href=\"https:\/\/www.cgtrabajosocial.es\/app\/webroot\/revista_digital\/publicas\/no_47_ambito_local_y_vida_cotidiana\/\" target=\"_blank\" rel=\"noopener\">Llegir<\/a><\/p><p>Tejero, E. (1992) Poblenou: el canvi urban\u00edstic i la transformaci\u00f3 social, <em>PAPERS. Revista de Sociolog\u00eda<\/em>, 38, 91-107.<br \/><a href=\"https:\/\/papers.uab.cat\/article\/view\/v38-tejero\/pdf-ca\" target=\"_blank\" rel=\"noopener\">Llegir<\/a><\/p>\t\t\t\t\t\t<\/div>\n\t\t\t\t<\/div>\n\t\t\t\t<\/div>\n\t\t\t\t\t<\/div>\n\t\t\t\t<\/div>\n\t\t<div class=\"elementor-element elementor-element-b5edb46 e-flex e-con-boxed e-con e-parent\" data-id=\"b5edb46\" data-element_type=\"container\" data-settings=\"{&quot;container_type&quot;:&quot;flex&quot;,&quot;content_width&quot;:&quot;boxed&quot;}\" data-core-v316-plus=\"true\">\n\t\t\t\t\t<div class=\"e-con-inner\">\n\t\t<div class=\"elementor-element elementor-element-7ec06ea e-con-full e-flex e-con e-child\" data-id=\"7ec06ea\" data-element_type=\"container\" data-settings=\"{&quot;content_width&quot;:&quot;full&quot;,&quot;container_type&quot;:&quot;flex&quot;}\">\n\t\t\t\t<div class=\"elementor-element elementor-element-0c35d58 elementor-widget elementor-widget-heading\" data-id=\"0c35d58\" data-element_type=\"widget\" data-widget_type=\"heading.default\">\n\t\t\t\t<div class=\"elementor-widget-container\">\n\t\t\t<h3 class=\"elementor-heading-title elementor-size-default\"><b>G\u00e8nere, inf\u00e0ncia i fam\u00edlia <\/h3>\t\t<\/div>\n\t\t\t\t<\/div>\n\t\t\t\t<div class=\"elementor-element elementor-element-efbc593 elementor-widget elementor-widget-text-editor\" data-id=\"efbc593\" data-element_type=\"widget\" data-widget_type=\"text-editor.default\">\n\t\t\t\t<div class=\"elementor-widget-container\">\n\t\t\t\t\t\t\t<p>Torrabadella, L. (2022) Documento de conclusiones. En Jornada La Cura de la Petita Inf\u00e0ncia: Pol\u00edtiques p\u00fabliques i serveis de suport a les fam\u00edlies 0-3: 11 de noviembre de 2022, Barcelona: M\u00e0ster Crian\u00e7a 0-3 i acompanyament a les fam\u00edlies en xarxa. Universidad de Barcelona.\u00a0<br \/><a href=\"http:\/\/www.masterpetitainfancia.cat\/page7.html\" target=\"_blank\" rel=\"noopener\">Llegir<\/a><\/p><p>Brullet, C. i Torrabadella, L. (2004) <em>La infancia en las din\u00e1micas de la transformaci\u00f3n familiar<\/em>. En C. G\u00f3mez-Granell <em>et al<\/em>. (Coords.) <em>Infancia y familias: realidades y tendencias <\/em>(pp. 37-62), Barcelona: Ariel.<\/p><p>Tejero, E.; Torrabadella, L. (1999) <em>Family and gender relationships in democratic Spain: a cultural change from a biographical perspective<\/em>. En R. Freeman, M. Rustin, A. Cooper (Coords.) <em>Welfare and Culture in Europe <\/em>(pp.132-150), Londres: Kingsley Publishers.<\/p>\t\t\t\t\t\t<\/div>\n\t\t\t\t<\/div>\n\t\t\t\t<\/div>\n\t\t\t\t\t<\/div>\n\t\t\t\t<\/div>\n\t\t<div class=\"elementor-element elementor-element-779bd3d e-flex e-con-boxed e-con e-parent\" data-id=\"779bd3d\" data-element_type=\"container\" data-settings=\"{&quot;container_type&quot;:&quot;flex&quot;,&quot;content_width&quot;:&quot;boxed&quot;}\" data-core-v316-plus=\"true\">\n\t\t\t\t\t<div class=\"e-con-inner\">\n\t\t<div class=\"elementor-element elementor-element-6bbf28d e-con-full e-flex e-con e-child\" data-id=\"6bbf28d\" data-element_type=\"container\" data-settings=\"{&quot;content_width&quot;:&quot;full&quot;,&quot;container_type&quot;:&quot;flex&quot;}\">\n\t\t\t\t<div class=\"elementor-element elementor-element-fcd1adc elementor-widget elementor-widget-heading\" data-id=\"fcd1adc\" data-element_type=\"widget\" data-widget_type=\"heading.default\">\n\t\t\t\t<div class=\"elementor-widget-container\">\n\t\t\t<h3 class=\"elementor-heading-title elementor-size-default\"><b>Immigraci\u00f3 i ciutadania <\/h3>\t\t<\/div>\n\t\t\t\t<\/div>\n\t\t\t\t<div class=\"elementor-element elementor-element-a2b5aa6 elementor-widget elementor-widget-text-editor\" data-id=\"a2b5aa6\" data-element_type=\"widget\" data-widget_type=\"text-editor.default\">\n\t\t\t\t<div class=\"elementor-widget-container\">\n\t\t\t\t\t\t\t<p>Torrabadella, L.; Tejero, E. (2007) Biografies del retorn. Manuscrito no publicado, Fundaci\u00f3n Jaume Bofill, Barcelona.\u00a0<\/p><p>Torrabadella, L., Tejero, E. (2005) Pioneres i pioners. Traject\u00f2ries biogr\u00e0fiques de filles i fills de fam\u00edlies immigrades a Catalunya, Fundaci\u00f3n Jaume Bofill i Fundaci\u00f3n Caixa de Sabadell, Barcelona: Ed. Mediterr\u00e0nia.<br \/><a href=\"https:\/\/fundaciobofill.cat\/uploads\/docs\/g\/q\/g\/y\/0\/7\/q\/b\/u\/399.pdf\" target=\"_blank\" rel=\"noopener\">Llegir<\/a><\/p><p>Tejero, E. y Torrabadella, L. (2002) Experiencias migratorias y de integraci\u00f3n de chicas marroqu\u00edes en Barcelona<em>,<\/em> <em>Anuario de Psicolog\u00eda<\/em>, 33 (4), 535-550.<br \/><a href=\"https:\/\/revistes.ub.edu\/index.php\/Anuario-psicologia\/article\/view\/8762\/10966\" target=\"_blank\" rel=\"noopener\">Llegir<\/a><\/p>\t\t\t\t\t\t<\/div>\n\t\t\t\t<\/div>\n\t\t\t\t<\/div>\n\t\t\t\t\t<\/div>\n\t\t\t\t<\/div>\n\t\t<div class=\"elementor-element elementor-element-5dde1ab e-flex e-con-boxed e-con e-parent\" data-id=\"5dde1ab\" data-element_type=\"container\" data-settings=\"{&quot;container_type&quot;:&quot;flex&quot;,&quot;content_width&quot;:&quot;boxed&quot;}\" data-core-v316-plus=\"true\">\n\t\t\t\t\t<div class=\"e-con-inner\">\n\t\t<div class=\"elementor-element elementor-element-e30e483 e-con-full e-flex e-con e-child\" data-id=\"e30e483\" data-element_type=\"container\" data-settings=\"{&quot;content_width&quot;:&quot;full&quot;,&quot;container_type&quot;:&quot;flex&quot;}\">\n\t\t\t\t<div class=\"elementor-element elementor-element-4a72ede elementor-widget elementor-widget-heading\" data-id=\"4a72ede\" data-element_type=\"widget\" data-widget_type=\"heading.default\">\n\t\t\t\t<div class=\"elementor-widget-container\">\n\t\t\t<h3 class=\"elementor-heading-title elementor-size-default\"><b>Converses Ciutadanes i Mediaci\u00f3<\/h3>\t\t<\/div>\n\t\t\t\t<\/div>\n\t\t\t\t<div class=\"elementor-element elementor-element-155df37 elementor-widget elementor-widget-text-editor\" data-id=\"155df37\" data-element_type=\"widget\" data-widget_type=\"text-editor.default\">\n\t\t\t\t<div class=\"elementor-widget-container\">\n\t\t\t\t\t\t\t<p>Torrabadella, L., Iannitelli, S. i Tejero, E. (2015) Vic, Ciutat Amiga de la Gent Gran. Converses ciutadanes per al segle XXI. VII Premio de Investigaci\u00f3n en Trabajo Social Dolors Arteman, Colegio Oficial de Trabajadores Sociales de Catalu\u00f1a.\u00a0<br \/><a href=\"https:\/\/www.tscat.cat\/download\/PublicacionsTSCAT\/vic_ciutat_amiga.pdf\" target=\"_blank\" rel=\"noopener\">Llegir<\/a><\/p><p>Iannitelli, S., Llobet, M., Tejero, E. (2008) La mediaci\u00f3n comunitaria como pr\u00e1ctica de creatividad social y de construcci\u00f3n de ciudadan\u00eda, <em>Revista Documentaci\u00f3n Social<\/em>, 148, 117-132, Madrid.<\/p><p>Iannitelli, S., G\u00f3mez, A. (2001) El conflicto, <em>Revista de Servicios Sociales y Pol\u00edtica Social<\/em>, 53, 57-66, Madrid.<\/p>\t\t\t\t\t\t<\/div>\n\t\t\t\t<\/div>\n\t\t\t\t<\/div>\n\t\t\t\t\t<\/div>\n\t\t\t\t<\/div>\n\t\t<div class=\"elementor-element elementor-element-8f31c31 cta-footer e-flex e-con-boxed e-con e-parent\" data-id=\"8f31c31\" data-element_type=\"container\" data-settings=\"{&quot;container_type&quot;:&quot;flex&quot;,&quot;content_width&quot;:&quot;boxed&quot;}\" data-core-v316-plus=\"true\">\n\t\t\t\t\t<div class=\"e-con-inner\">\n\t\t<div class=\"elementor-element elementor-element-cc6bdec e-flex e-con-boxed e-con e-child\" data-id=\"cc6bdec\" data-element_type=\"container\" data-settings=\"{&quot;container_type&quot;:&quot;flex&quot;,&quot;content_width&quot;:&quot;boxed&quot;}\">\n\t\t\t\t\t<div class=\"e-con-inner\">\n\t\t<div class=\"elementor-element elementor-element-a3c48bc e-con-full e-flex e-con e-child\" data-id=\"a3c48bc\" data-element_type=\"container\" data-settings=\"{&quot;content_width&quot;:&quot;full&quot;,&quot;background_background&quot;:&quot;classic&quot;,&quot;container_type&quot;:&quot;flex&quot;}\">\n\t\t\t\t<\/div>\n\t\t<div class=\"elementor-element elementor-element-3d973ea e-con-full e-flex e-con e-child\" data-id=\"3d973ea\" data-element_type=\"container\" data-settings=\"{&quot;content_width&quot;:&quot;full&quot;,&quot;background_background&quot;:&quot;classic&quot;,&quot;container_type&quot;:&quot;flex&quot;}\">\n\t\t\t\t<div class=\"elementor-element elementor-element-c40de6b elementor-widget elementor-widget-heading\" data-id=\"c40de6b\" data-element_type=\"widget\" data-widget_type=\"heading.default\">\n\t\t\t\t<div class=\"elementor-widget-container\">\n\t\t\t<h3 class=\"elementor-heading-title elementor-size-default\">CONNECTA AMB NOSALTRES I COMEN\u00c7A EL VIATGE CAP A UNA COMPRENSI\u00d3 M\u00c9S PROFUNDA DE LA teva biografia i la SOCIETAT!<\/h3>\t\t<\/div>\n\t\t\t\t<\/div>\n\t\t\t\t<div class=\"elementor-element elementor-element-246723b elementor-widget elementor-widget-text-editor\" data-id=\"246723b\" data-element_type=\"widget\" data-widget_type=\"text-editor.default\">\n\t\t\t\t<div class=\"elementor-widget-container\">\n\t\t\t\t\t\t\t<p>En l&#8217;Institut Biografia i Societat, creiem en el poder de la teva hist\u00f2ria per a modelar el m\u00f3n que compartim.<\/p>\n\t\t\t\t\t\t<\/div>\n\t\t\t\t<\/div>\n\t\t\t\t<div class=\"elementor-element elementor-element-f2dc062 elementor-align-left button-container elementor-widget elementor-widget-button\" data-id=\"f2dc062\" data-element_type=\"widget\" data-widget_type=\"button.default\">\n\t\t\t\t<div class=\"elementor-widget-container\">\n\t\t\t\t\t<div class=\"elementor-button-wrapper\">\n\t\t\t<a class=\"elementor-button elementor-button-link elementor-size-sm\" href=\"https:\/\/biografiasociedad.com\/ca\/contactar\/\">\n\t\t\t\t\t\t<span class=\"elementor-button-content-wrapper\">\n\t\t\t\t\t\t<span class=\"elementor-button-text\">Contactar<\/span>\n\t\t<\/span>\n\t\t\t\t\t<\/a>\n\t\t<\/div>\n\t\t\t\t<\/div>\n\t\t\t\t<\/div>\n\t\t\t\t<\/div>\n\t\t\t\t\t<\/div>\n\t\t\t\t<\/div>\n\t\t\t\t\t<\/div>\n\t\t\t\t<\/div>\n\t\t\t\t\t\t\t<\/div>\n\t\t","protected":false},"excerpt":{"rendered":"<p>Saber biogr\u00e0fic-conversacional L\u00f3pez, J,A., Sangr\u00e0, T. y Iannitelli, S. (2023) Revisi\u00f3n fenomenol\u00f3gica del concepto de empat\u00eda para el Trabajo Social, EHQUIDAD, Revista Internacional De Pol\u00edticas De Bienestar y Trabajo Social,&#8230;<\/p>\n","protected":false},"author":1,"featured_media":0,"parent":0,"menu_order":4,"comment_status":"closed","ping_status":"closed","template":"","meta":{"footnotes":""},"aioseo_notices":[],"_links":{"self":[{"href":"https:\/\/biografiasociedad.com\/ca\/wp-json\/wp\/v2\/pages\/1695"}],"collection":[{"href":"https:\/\/biografiasociedad.com\/ca\/wp-json\/wp\/v2\/pages"}],"about":[{"href":"https:\/\/biografiasociedad.com\/ca\/wp-json\/wp\/v2\/types\/page"}],"author":[{"embeddable":true,"href":"https:\/\/biografiasociedad.com\/ca\/wp-json\/wp\/v2\/users\/1"}],"replies":[{"embeddable":true,"href":"https:\/\/biografiasociedad.com\/ca\/wp-json\/wp\/v2\/comments?post=1695"}],"version-history":[{"count":10,"href":"https:\/\/biografiasociedad.com\/ca\/wp-json\/wp\/v2\/pages\/1695\/revisions"}],"predecessor-version":[{"id":1922,"href":"https:\/\/biografiasociedad.com\/ca\/wp-json\/wp\/v2\/pages\/1695\/revisions\/1922"}],"wp:attachment":[{"href":"https:\/\/biografiasociedad.com\/ca\/wp-json\/wp\/v2\/media?parent=1695"}],"curies":[{"name":"wp","href":"https:\/\/api.w.org\/{rel}","templated":true}]}}